{"id":676,"date":"2025-12-04T17:58:00","date_gmt":"2025-12-04T17:58:00","guid":{"rendered":"https:\/\/capivariclube.net.br\/?page_id=676"},"modified":"2025-12-05T14:16:38","modified_gmt":"2025-12-05T14:16:38","slug":"historia","status":"publish","type":"page","link":"https:\/\/capivariclube.net.br\/?page_id=676","title":{"rendered":"Hist\u00f3ria"},"content":{"rendered":"<p>[et_pb_section fb_built=&#8221;1&#8243; _builder_version=&#8221;4.27.4&#8243; _module_preset=&#8221;default&#8221; background_image=&#8221;https:\/\/capivariclube.net.br\/wp-content\/uploads\/2025\/12\/bg-historia.png&#8221; height=&#8221;414px&#8221; height_tablet=&#8221;300px&#8221; height_phone=&#8221;200px&#8221; height_last_edited=&#8221;on|tablet&#8221; custom_margin=&#8221;0px||0px||false|false&#8221; custom_padding=&#8221;0px|0px|0px|0px|false|false&#8221; global_colors_info=&#8221;{}&#8221;][et_pb_row _builder_version=&#8221;4.27.4&#8243; _module_preset=&#8221;default&#8221; custom_margin=&#8221;0px||0px||false|false&#8221; custom_padding=&#8221;0px|0px|0px|0px|false|false&#8221; global_colors_info=&#8221;{}&#8221;][et_pb_column type=&#8221;4_4&#8243; _builder_version=&#8221;4.27.4&#8243; _module_preset=&#8221;default&#8221; global_colors_info=&#8221;{}&#8221;][et_pb_text _builder_version=&#8221;4.27.4&#8243; _module_preset=&#8221;default&#8221; text_font=&#8221;|800|||||||&#8221; text_text_color=&#8221;#FFFFFF&#8221; text_font_size=&#8221;90px&#8221; text_orientation=&#8221;center&#8221; custom_margin=&#8221;150px||||false|false&#8221; custom_margin_tablet=&#8221;130px||||false|false&#8221; custom_margin_phone=&#8221;80px||||false|false&#8221; custom_margin_last_edited=&#8221;on|phone&#8221; text_font_size_tablet=&#8221;90px&#8221; text_font_size_phone=&#8221;50px&#8221; text_font_size_last_edited=&#8221;on|phone&#8221; global_colors_info=&#8221;{}&#8221;]Hist\u00f3ria[\/et_pb_text][\/et_pb_column][\/et_pb_row][\/et_pb_section][et_pb_section fb_built=&#8221;1&#8243; _builder_version=&#8221;4.27.5&#8243; _module_preset=&#8221;default&#8221; custom_margin=&#8221;0px||40px||false|false&#8221; custom_padding=&#8221;15px|0px|0px|0px|false|false&#8221; global_colors_info=&#8221;{}&#8221;][et_pb_row _builder_version=&#8221;4.27.4&#8243; _module_preset=&#8221;default&#8221; custom_margin=&#8221;0px||0px||false|false&#8221; custom_padding=&#8221;0px|0px|0px|0px|false|false&#8221; global_colors_info=&#8221;{}&#8221;][et_pb_column type=&#8221;4_4&#8243; _builder_version=&#8221;4.27.4&#8243; _module_preset=&#8221;default&#8221; global_colors_info=&#8221;{}&#8221;][et_pb_text _builder_version=&#8221;4.27.5&#8243; _module_preset=&#8221;default&#8221; text_font=&#8221;||||||||&#8221; text_text_color=&#8221;#000000&#8243; text_font_size=&#8221;20px&#8221; text_line_height=&#8221;1.6em&#8221; custom_padding=&#8221;||20px||false|false&#8221; text_font_size_tablet=&#8221;20px&#8221; text_font_size_phone=&#8221;16px&#8221; text_font_size_last_edited=&#8221;on|phone&#8221; text_line_height_tablet=&#8221;1.6em&#8221; text_line_height_phone=&#8221;1.5em&#8221; text_line_height_last_edited=&#8221;on|phone&#8221; global_colors_info=&#8221;{}&#8221;]<\/p>\n<p>Um Sonho&#8230;<\/p>\n<p>As comemora\u00e7\u00f5es do dia da Cidade, em 1956 ensejaram a vinda da Empresa Cinematogr\u00e1fica de Primo Carbonari, que na \u00e9poca fazia cobertura de grandes eventos. Havia um grande desfile preparado, com in\u00fameras escolas e bandas, passando por v\u00e1rias ruas. D. Paulina Guidetti Armelin assistindo encantada ao desfile, lamentou o fato de Capivari, com tanta coisa para mostrar, n\u00e3o possuir um Clube Social correspondente. Neste momento surgiu o grande SONHO: fundar e edificar um grande Clube! Ato cont\u00ednuo, convidou um grupo de senhoras e senhoritas para visitar as fam\u00edlias capivarianas passando o chamado Livro de Ouro, no sentido de arrecadar contribui\u00e7\u00f5es para aquele fim. Segundo consta a primeira assinatura foi de Dona Faustina Franchi Annichino, seguida pela do Sr. Geraldo Toledo Amaral. Atingida uma expressiva quantia, foi resolvido que esta seria depositada e passada \u00e0s m\u00e3os dos senhores convidados a fazerem parte de uma comiss\u00e3o. A primeira reuni\u00e3o conjunta realizou-se no Hotel Central, estando presentes, entre outros, os senhores Dr. Sebasti\u00e3o Armelin, Bichara Miguel Maluf e Oswaldo Pellegrini.<\/p>\n<p>O Capivari Clube teve a sua funda\u00e7\u00e3o sacramentada numa ata de 14 de outubro de 1956, quando no sal\u00e3o nobre da C\u00e2mara Municipal, no pr\u00e9dio da prefeitura Municipal, sob a presid\u00eancia do Dr. Sebasti\u00e3o Armelin e secretariada pelo Sr. Oswaldo Pellegrini, e contando com a presen\u00e7a de Bichara Miguel Maluf, Jos\u00e9 Balthazar Pereira da Cunha, Almerindo Rinaldi, Newton Pimenta Neves, Miguel Sim\u00e3o Neto, Domingos Fortinguerra, Mois\u00e9s Forti, Walter Ant\u00f4nio Rizzo, Romeu Annicchino, Paulina Guidetti Armelin, Dulce Bartholomu Hoppe, Myrtes Hoppe Fortinguerra, Jurema Aparecida de Souza, Ant\u00f4nia Barnab\u00e9 Annicchino, Leda Rossi Januzzi, Nassum Maluf Milan, Nilza B. Moraes Barros, Glaucy Quagliatto, Helena Tumas, Therezinha Aparecida Franchi, L\u00e9a Conforti, Antonieta Barbosa da Silva, Inah Armelin Galr\u00e3o, Maria Antonieta Armelin Galr\u00e3o, Cleide Cipolli, L\u00edcia Rossi Pellegrini, Adele Moroni, Maria Rosa Lembo Duarte, Herm\u00ednia Forti Vigoritto, Iolanda Annicchino Pimenta Neves, Lucila Rizzo, Maria Eliza P. Chiarini, Ary Chiarini, Urbanita Costa, Gesilda Petelincar, Gesilda Petelincar, Sirene Busato Giatti, Francisca Silva Telles e Annerys Forti, ocasi\u00e3o em que foi eleita a primeira diretoria provis\u00f3ria, contando com Bichara Miguel Maluf, na Presid\u00eancia; Oswaldo Pellegrini, como Tesoureiro.<\/p>\n<p>Nessa reuni\u00e3o, decidiu-se que a nova sociadade chamar-se ia CAPIVARI CLUBE. No dia 11 de novembro de 1956, realizou-se a primeira assembl\u00e9ia geral, quando foi eleito o primeiro Conselho Deliberativo: Efetivos: Sebati\u00e3o Armelin, Oswaldo Pellegrini, Chide Maluf, Geraldo Toledo Amaral, Romeu Annicchino, Miguel Sim\u00e3o Neto, Mois\u00e9s Forti, Walter Ant\u00f4nio Rizzo, Francisco Mascchieto, Benedito Lad\u00e1rio Correa, Orlando Annicchino, Almerindo Rinaldi. Suplentes: S\u00edlvio Jannota, Jos\u00e9 de Cillo, M\u00e1rio Stucchi, Domingos Fortinguerra, Fuad Jarjura Milan, Alceu Dias de Aguiar, Jos\u00e9 Amaral Duarte e Tannus Maluf. No dia 18 de novembro de 1956, o Conselho Deliberativo reuniu-se pela primeira vez e cuidou de eleger seu Presidente e Secret\u00e1rio: Sebasti\u00e3o Armelin e Miguel Sim\u00e3o Neto. Em seguida, foi eleita a primeira Diretoria Executiva, a qual ficou assim constitu\u00edda: Presidente: BICHARA MIGUEL MALUF Vice-presidente: ROMEU ANNICCHINO 1\u00ba Secret\u00e1rio: ARY CHIARINI 2\u00ba Secret\u00e1rio: MOIS\u00c9S FORTI 1\u00ba Tesoureiro: BENEDITO SILVA 2\u00ba Tesoureiro: JOS\u00c9 BERNADINO DE CAMPOS Diretor-Geral: ORLANDO ANNICCHINO Coordenador: NEWTON PIMENTA NEVES Conselho Fiscal: LU\u00cdS QUAGLIATO FILHO,OS\u00c9AS M\u00c1DER e CALIL JOS\u00c9; Comiss\u00e3o de Sindic\u00e2ncia: LU\u00cdS SODERINI FERRACI\u00da, JUREMA APARECIDA DE SOUZA e JOS\u00c9 BALHAZAR PEREIRA DA CUNHA.<\/p>\n<p>[\/et_pb_text][\/et_pb_column][\/et_pb_row][\/et_pb_section][et_pb_section fb_built=&#8221;1&#8243; _builder_version=&#8221;4.27.5&#8243; _module_preset=&#8221;default&#8221; custom_margin=&#8221;0px|0px|150px|0px|false|false&#8221; custom_padding=&#8221;0px|0px|0px|0px|false|false&#8221; hover_enabled=&#8221;0&#8243; global_colors_info=&#8221;{}&#8221; animation_style=&#8221;fade&#8221; sticky_enabled=&#8221;0&#8243;][et_pb_row column_structure=&#8221;1_4,1_4,1_4,1_4&#8243; _builder_version=&#8221;4.27.5&#8243; _module_preset=&#8221;default&#8221; width=&#8221;100%&#8221; max_width=&#8221;100%&#8221; custom_margin=&#8221;0px|0px|0px|0px|false|false&#8221; custom_padding=&#8221;0px|0px|0px|0px|false|false&#8221; custom_css_free_form=&#8221;selector .et_pb_column{||  margin-right: 0;||  width: 25%;||}&#8221; global_colors_info=&#8221;{}&#8221;][et_pb_column type=&#8221;1_4&#8243; _builder_version=&#8221;4.27.5&#8243; _module_preset=&#8221;default&#8221; background_image=&#8221;https:\/\/capivariclube.net.br\/wp-content\/uploads\/2025\/12\/03.jpg&#8221; background_position=&#8221;top_center&#8221; global_colors_info=&#8221;{}&#8221;][et_pb_text _builder_version=&#8221;4.27.5&#8243; _module_preset=&#8221;default&#8221; height=&#8221;230px&#8221; global_colors_info=&#8221;{}&#8221;][\/et_pb_text][\/et_pb_column][et_pb_column type=&#8221;1_4&#8243; _builder_version=&#8221;4.27.5&#8243; _module_preset=&#8221;default&#8221; background_image=&#8221;https:\/\/capivariclube.net.br\/wp-content\/uploads\/2025\/12\/02.jpg&#8221; global_colors_info=&#8221;{}&#8221;][et_pb_text _builder_version=&#8221;4.27.5&#8243; _module_preset=&#8221;default&#8221; height=&#8221;230px&#8221; locked=&#8221;off&#8221; global_colors_info=&#8221;{}&#8221;][\/et_pb_text][\/et_pb_column][et_pb_column type=&#8221;1_4&#8243; _builder_version=&#8221;4.27.5&#8243; _module_preset=&#8221;default&#8221; background_image=&#8221;https:\/\/capivariclube.net.br\/wp-content\/uploads\/2025\/12\/03.jpg&#8221; background_position=&#8221;top_center&#8221; global_colors_info=&#8221;{}&#8221;][et_pb_text _builder_version=&#8221;4.27.5&#8243; _module_preset=&#8221;default&#8221; height=&#8221;230px&#8221; locked=&#8221;off&#8221; global_colors_info=&#8221;{}&#8221;][\/et_pb_text][\/et_pb_column][et_pb_column type=&#8221;1_4&#8243; _builder_version=&#8221;4.27.5&#8243; _module_preset=&#8221;default&#8221; background_image=&#8221;https:\/\/capivariclube.net.br\/wp-content\/uploads\/2025\/12\/04.jpg&#8221; global_colors_info=&#8221;{}&#8221;][et_pb_text _builder_version=&#8221;4.27.5&#8243; _module_preset=&#8221;default&#8221; height=&#8221;230px&#8221; locked=&#8221;off&#8221; global_colors_info=&#8221;{}&#8221;][\/et_pb_text][\/et_pb_column][\/et_pb_row][\/et_pb_section]<\/p>\n","protected":false},"excerpt":{"rendered":"<p>Hist\u00f3riaUm Sonho&#8230; As comemora\u00e7\u00f5es do dia da Cidade, em 1956 ensejaram a vinda da Empresa Cinematogr\u00e1fica de Primo Carbonari, que na \u00e9poca fazia cobertura de grandes eventos. Havia um grande desfile preparado, com in\u00fameras escolas e bandas, passando por v\u00e1rias ruas. D. Paulina Guidetti Armelin assistindo encantada ao desfile, lamentou o fato de Capivari, com [&hellip;]<\/p>\n","protected":false},"author":1,"featured_media":0,"parent":0,"menu_order":0,"comment_status":"closed","ping_status":"closed","template":"","meta":{"_et_pb_use_builder":"on","_et_pb_old_content":"","_et_gb_content_width":"","_joinchat":[],"footnotes":""},"class_list":["post-676","page","type-page","status-publish","hentry"],"_links":{"self":[{"href":"https:\/\/capivariclube.net.br\/index.php?rest_route=\/wp\/v2\/pages\/676","targetHints":{"allow":["GET"]}}],"collection":[{"href":"https:\/\/capivariclube.net.br\/index.php?rest_route=\/wp\/v2\/pages"}],"about":[{"href":"https:\/\/capivariclube.net.br\/index.php?rest_route=\/wp\/v2\/types\/page"}],"author":[{"embeddable":true,"href":"https:\/\/capivariclube.net.br\/index.php?rest_route=\/wp\/v2\/users\/1"}],"replies":[{"embeddable":true,"href":"https:\/\/capivariclube.net.br\/index.php?rest_route=%2Fwp%2Fv2%2Fcomments&post=676"}],"version-history":[{"count":7,"href":"https:\/\/capivariclube.net.br\/index.php?rest_route=\/wp\/v2\/pages\/676\/revisions"}],"predecessor-version":[{"id":698,"href":"https:\/\/capivariclube.net.br\/index.php?rest_route=\/wp\/v2\/pages\/676\/revisions\/698"}],"wp:attachment":[{"href":"https:\/\/capivariclube.net.br\/index.php?rest_route=%2Fwp%2Fv2%2Fmedia&parent=676"}],"curies":[{"name":"wp","href":"https:\/\/api.w.org\/{rel}","templated":true}]}}