{"id":700,"date":"2025-12-05T16:36:34","date_gmt":"2025-12-05T16:36:34","guid":{"rendered":"https:\/\/capivariclube.net.br\/?page_id=700"},"modified":"2025-12-08T18:00:24","modified_gmt":"2025-12-08T18:00:24","slug":"reunioes","status":"publish","type":"page","link":"https:\/\/capivariclube.net.br\/?page_id=700","title":{"rendered":"Agenda de Reuni\u00f5es"},"content":{"rendered":"<p>[et_pb_section fb_built=&#8221;1&#8243; _builder_version=&#8221;4.27.5&#8243; _module_preset=&#8221;default&#8221; background_image=&#8221;https:\/\/capivariclube.net.br\/wp-content\/uploads\/2025\/12\/bg-reunioes.png&#8221; height=&#8221;414px&#8221; height_tablet=&#8221;300px&#8221; height_phone=&#8221;200px&#8221; height_last_edited=&#8221;on|tablet&#8221; custom_margin=&#8221;0px||0px||false|false&#8221; custom_padding=&#8221;0px|0px|0px|0px|false|false&#8221; global_colors_info=&#8221;{}&#8221;][et_pb_row _builder_version=&#8221;4.27.4&#8243; _module_preset=&#8221;default&#8221; custom_margin=&#8221;0px||0px||false|false&#8221; custom_padding=&#8221;0px|0px|0px|0px|false|false&#8221; global_colors_info=&#8221;{}&#8221;][et_pb_column type=&#8221;4_4&#8243; _builder_version=&#8221;4.27.4&#8243; _module_preset=&#8221;default&#8221; global_colors_info=&#8221;{}&#8221;][et_pb_text _builder_version=&#8221;4.27.5&#8243; _module_preset=&#8221;default&#8221; text_font=&#8221;|800|||||||&#8221; text_text_color=&#8221;#FFFFFF&#8221; text_font_size=&#8221;90px&#8221; text_orientation=&#8221;center&#8221; custom_margin=&#8221;160px||||false|false&#8221; custom_margin_tablet=&#8221;130px||||false|false&#8221; custom_margin_phone=&#8221;80px||||false|false&#8221; custom_margin_last_edited=&#8221;on|phone&#8221; text_font_size_tablet=&#8221;90px&#8221; text_font_size_phone=&#8221;50px&#8221; text_font_size_last_edited=&#8221;on|phone&#8221; global_colors_info=&#8221;{}&#8221;]<\/p>\n<p>Agenda de Reuni\u00f5es<\/p>\n<p>[\/et_pb_text][\/et_pb_column][\/et_pb_row][\/et_pb_section][et_pb_section fb_built=&#8221;1&#8243; _builder_version=&#8221;4.27.5&#8243; _module_preset=&#8221;default&#8221; custom_margin=&#8221;0px||160px||false|false&#8221; custom_padding=&#8221;50px|0px|50px|0px|false|false&#8221; hover_enabled=&#8221;0&#8243; global_colors_info=&#8221;{}&#8221; sticky_enabled=&#8221;0&#8243;][et_pb_row _builder_version=&#8221;4.27.4&#8243; _module_preset=&#8221;default&#8221; custom_margin=&#8221;0px||0px||false|false&#8221; custom_padding=&#8221;0px|0px|0px|0px|false|false&#8221; global_colors_info=&#8221;{}&#8221;][et_pb_column type=&#8221;4_4&#8243; _builder_version=&#8221;4.27.4&#8243; _module_preset=&#8221;default&#8221; global_colors_info=&#8221;{}&#8221;][et_pb_toggle title=&#8221;@ET-DC@eyJkeW5hbWljIjp0cnVlLCJjb250ZW50IjoicG9zdF9tZXRhX2tleSIsInNldHRpbmdzIjp7ImJlZm9yZSI6IjxkaXYgaWQ9XCJkYXRhXCI+PGkgY2xhc3M9XCJmYSBmYS1jYWxlbmRhci1vXCI+PC9pPjxoMj4xNiBkZSBEZXplbWJybyBkZSAyMDE0PC9oMj48L2Rpdj4iLCJhZnRlciI6IjxkaXYgaWQ9XCJob3JhXCI+PGkgY2xhc3M9XCJmYSBmYS1jbG9jay1vXCI+PC9pPjxoND4xOTozMDwvaDQ+PC9kaXY+IiwibWV0YV9rZXkiOiIiLCJlbmFibGVfaHRtbCI6Im9uIn19@&#8221; open_toggle_background_color=&#8221;#FFFFFF&#8221; closed_toggle_background_color=&#8221;#FFFFFF&#8221; _builder_version=&#8221;4.27.5&#8243; _dynamic_attributes=&#8221;title&#8221; _module_preset=&#8221;default&#8221; hover_enabled=&#8221;0&#8243; custom_css_free_form=&#8221;selector #data,||selector #hora{||  display: flex;||  gap: 5px;||}||||selector #data{||  margin-bottom: 15px;||}||||selector h2,||selector h4{||  padding: 0;||  color: black;||}||||selector h2{||  font-weight: 700;||}||||selector #data i,||selector #hora i{||  font-size: 22px;||  color: #0c3b66;||}&#8221; box_shadow_style=&#8221;preset3&#8243; box_shadow_vertical=&#8221;0px&#8221; box_shadow_color=&#8221;rgba(0,0,0,0.1)&#8221; global_colors_info=&#8221;{}&#8221; box_shadow_spread__hover_enabled=&#8221;off|desktop&#8221; box_shadow_vertical__hover_enabled=&#8221;on|hover&#8221; box_shadow_color__hover_enabled=&#8221;on|desktop&#8221; box_shadow_spread__hover=&#8221;-4px&#8221; box_shadow_vertical__hover=&#8221;5px&#8221; box_shadow_color__hover=&#8221;rgba(0,0,0,0.3)&#8221; sticky_enabled=&#8221;0&#8243; title_level=&#8221;h2&#8243; title_font=&#8221;|800|||||||&#8221; closed_title_font=&#8221;|800|||||||&#8221; title_letter_spacing=&#8221;-1px&#8221; background_color=&#8221;#FFFFFF&#8221; open_toggle_background_color__hover_enabled=&#8221;off|hover&#8221; open_toggle_background_color__hover=&#8221;#E09900&#8243; border_radii=&#8221;on|15px|15px|15px|15px&#8221; toggle_icon=&#8221;&#x33;||divi||400&#8243; icon_color=&#8221;#0c3b66&#8243; open_icon_color=&#8221;#0c3b66&#8243; open_toggle_icon=&#8221;&#x32;||divi||400&#8243; use_icon_font_size=&#8221;on&#8221; icon_font_size=&#8221;40px&#8221; open_use_icon_font_size=&#8221;on&#8221; open_icon_font_size=&#8221;40px&#8221; body_text_color=&#8221;#000000&#8243; body_font_size=&#8221;16px&#8221; custom_padding=&#8221;||||false|false&#8221; body_line_height=&#8221;2.5em&#8221;]<\/p>\n<p><span style=\"font-weight: 650;\"><i class=\"fa fa-file-text-o\" style=\"color: #0c3b66;\"><\/i> Pautas<\/span><br \/><span style=\"color: #ffffff; background-color: #0c3b66; display: inline; width: 10px; padding: 3px 10px; border-radius: 20px;\">1<\/span> Balan\u00e7o dos projetos realizados 2014<br \/><span style=\"color: #ffffff; background-color: #0c3b66; display: inline; width: 10px; padding: 3px 10px; border-radius: 20px;\">2<\/span> Programa\u00e7\u00e3o de novos projetos para 2015<br \/><span style=\"color: #ffffff; background-color: #0c3b66; display: inline; width: 10px; padding: 3px 10px; border-radius: 20px;\">3<\/span> Avalia\u00e7\u00e3o de novos associados e transfer\u00eancia de t\u00edtulos.<br \/><span style=\"color: #ffffff; background-color: #0c3b66; display: inline; width: 10px; padding: 3px 10px; border-radius: 20px;\">4<\/span> Outros assuntos.<\/p>\n<p>[\/et_pb_toggle][\/et_pb_column][\/et_pb_row][\/et_pb_section]<\/p>\n","protected":false},"excerpt":{"rendered":"<p>Agenda de Reuni\u00f5es Pautas1 Balan\u00e7o dos projetos realizados 20142 Programa\u00e7\u00e3o de novos projetos para 20153 Avalia\u00e7\u00e3o de novos associados e transfer\u00eancia de t\u00edtulos.4 Outros assuntos.<\/p>\n","protected":false},"author":1,"featured_media":0,"parent":0,"menu_order":0,"comment_status":"closed","ping_status":"closed","template":"","meta":{"_et_pb_use_builder":"on","_et_pb_old_content":"","_et_gb_content_width":"","_joinchat":[],"footnotes":""},"class_list":["post-700","page","type-page","status-publish","hentry"],"_links":{"self":[{"href":"https:\/\/capivariclube.net.br\/index.php?rest_route=\/wp\/v2\/pages\/700","targetHints":{"allow":["GET"]}}],"collection":[{"href":"https:\/\/capivariclube.net.br\/index.php?rest_route=\/wp\/v2\/pages"}],"about":[{"href":"https:\/\/capivariclube.net.br\/index.php?rest_route=\/wp\/v2\/types\/page"}],"author":[{"embeddable":true,"href":"https:\/\/capivariclube.net.br\/index.php?rest_route=\/wp\/v2\/users\/1"}],"replies":[{"embeddable":true,"href":"https:\/\/capivariclube.net.br\/index.php?rest_route=%2Fwp%2Fv2%2Fcomments&post=700"}],"version-history":[{"count":29,"href":"https:\/\/capivariclube.net.br\/index.php?rest_route=\/wp\/v2\/pages\/700\/revisions"}],"predecessor-version":[{"id":742,"href":"https:\/\/capivariclube.net.br\/index.php?rest_route=\/wp\/v2\/pages\/700\/revisions\/742"}],"wp:attachment":[{"href":"https:\/\/capivariclube.net.br\/index.php?rest_route=%2Fwp%2Fv2%2Fmedia&parent=700"}],"curies":[{"name":"wp","href":"https:\/\/api.w.org\/{rel}","templated":true}]}}